{"id":9993,"date":"2024-01-18T12:36:22","date_gmt":"2024-01-18T11:36:22","guid":{"rendered":"https:\/\/www.brikol.sk\/?post_type=product&#038;p=9993"},"modified":"2026-04-19T11:29:07","modified_gmt":"2026-04-19T09:29:07","slug":"dverovy-magnet","status":"publish","type":"product","link":"https:\/\/www.brikol.sk\/hu\/produkt\/dverovy-magnet\/","title":{"rendered":"Dverov\u00fd magnet"},"content":{"rendered":"<p style=\"font-weight: 400;\">Dverov\u00fd magnet v\u00e1s prekvap\u00ed dostato\u010dnou silou a zabezpe\u010d\u00ed pevn\u00e9 zatv\u00e1ranie.<\/p>\n<p>Jednoducho magnet pripevn\u00edte do r\u00e1mu pomocou dvoch skrutiek. Na druh\u00fa stranu r\u00e1mu je nutn\u00e9 umiestni\u0165 kovov\u00fd protikus, aby sa mal kde magnet prichyti\u0165. Jedn\u00e1 sa o dostato\u010dne siln\u00fd obd\u013a\u017enikov\u00fd magnet. Magnet m\u00f4\u017eete dodato\u010dne v\u00fd\u0161kovo nastavi\u0165. \u013dahko si uprav\u00edte jeho polohu.<\/p>\n<p style=\"font-weight: 400;\">\n","protected":false},"excerpt":{"rendered":"<p>Jednoducho magnet pripevn\u00edte do r\u00e1mu pomocou dvoch skrutiek. Na druh\u00fa stranu r\u00e1mu je nutn\u00e9 umiestni\u0165 kovov\u00fd protikus, aby sa mal kde magnet prichyti\u0165. Jedn\u00e1 sa o dostato\u010dne siln\u00fd obd\u013a\u017enikov\u00fd magnet. Magnet je mo\u017en\u00e9 dodato\u010dne v\u00fd\u0161kovo nastavi\u0165. \u013dahko si uprav\u00edte jeho polohu.<\/p>\n","protected":false},"featured_media":9997,"comment_status":"open","ping_status":"closed","template":"","meta":[],"product_cat":[83,100],"product_tag":[],"_links":{"self":[{"href":"https:\/\/www.brikol.sk\/hu\/wp-json\/wp\/v2\/product\/9993"}],"collection":[{"href":"https:\/\/www.brikol.sk\/hu\/wp-json\/wp\/v2\/product"}],"about":[{"href":"https:\/\/www.brikol.sk\/hu\/wp-json\/wp\/v2\/types\/product"}],"replies":[{"embeddable":true,"href":"https:\/\/www.brikol.sk\/hu\/wp-json\/wp\/v2\/comments?post=9993"}],"wp:featuredmedia":[{"embeddable":true,"href":"https:\/\/www.brikol.sk\/hu\/wp-json\/wp\/v2\/media\/9997"}],"wp:attachment":[{"href":"https:\/\/www.brikol.sk\/hu\/wp-json\/wp\/v2\/media?parent=9993"}],"wp:term":[{"taxonomy":"product_cat","embeddable":true,"href":"https:\/\/www.brikol.sk\/hu\/wp-json\/wp\/v2\/product_cat?post=9993"},{"taxonomy":"product_tag","embeddable":true,"href":"https:\/\/www.brikol.sk\/hu\/wp-json\/wp\/v2\/product_tag?post=9993"}],"curies":[{"name":"wp","href":"https:\/\/api.w.org\/{rel}","templated":true}]}}